{"id":1380,"date":"2016-04-28T10:17:00","date_gmt":"2016-04-28T08:17:00","guid":{"rendered":"http:\/\/www.ftsk.ch\/wp\/?page_id=1380"},"modified":"2017-05-04T11:00:19","modified_gmt":"2017-05-04T09:00:19","slug":"mitteilung-2016-1","status":"publish","type":"page","link":"https:\/\/www.ftsk.ch\/wp\/mitteilungen\/mitteilung-2016-1\/","title":{"rendered":"Mitteilung 2016 \/ 1"},"content":{"rendered":"<div class='flex_column av-av_one_full-2a9015ff38129c418a3f2eafba3e9512 av_one_full  avia-builder-el-0  avia-builder-el-no-sibling  first flex_column_div '     ><section  class='av_textblock_section av-av_textblock-0366cc7376be6c9e82a3e9cc8987b64f'  itemscope=\"itemscope\" itemtype=\"https:\/\/schema.org\/CreativeWork\" ><div class='avia_textblock'  itemprop=\"text\" ><h3>Blicke in den Jahresbericht 2015<\/h3>\n<hr \/>\n<h3><\/h3>\n<\/div><\/section><br \/>\n<section  class='av_textblock_section av-av_textblock-0366cc7376be6c9e82a3e9cc8987b64f'  itemscope=\"itemscope\" itemtype=\"https:\/\/schema.org\/CreativeWork\" ><div class='avia_textblock'  itemprop=\"text\" ><h3>Dankbar zur\u00fcckblicken &#8211; motiviert vorangehen<\/h3>\n<p>Das Jahr 2015 stand im Zeichen des Jubil\u00e4ums zum 30-j\u00e4hrigen Bestehen der Therapiestelle. Dankbar durfte auf das w\u00e4hrend dieser Zeit durch den Einsatz und das Zusammenwirken von vielen Geschaffene zur\u00fcckgeschaut werden. Es ging aber auch &#8211; wesentlich &#8211; darum, die Grundlagen so zu sichern, dass die FTSK auch k\u00fcnftigen Herausforderungen gewachsen ist.<\/p>\n<p>Im Berichtsjahr wurden 244 Kinder (Vorjahr: 224) behandelt. 119 Eintritten (118) standen\u00a0109 Austritte (69) gegen\u00fcber. Wie im Vorjahr teilten sich 13 Mitarbeitende 610 Stellenprozente. Bei der Heilp\u00e4dagogischen Fr\u00fcherziehung mussten aufgrund der personellen Situation bzw. wegen betr\u00e4chtlicher Schwankungen bei den Anmeldungen von Kindern die Arbeitspensen im gegenseitigen Einvernehmen nach unten bzw. oben angepasst werden. Die Finanzen konnten wie 2014 mit einem kleinen Ertrags\u00fcberschuss im Gleichgewicht gehalten werden.<\/p>\n<p>Der Internetauftritt der Therapiestelle\u00a0ist infolge\u00a0der technologischen Entwicklungen und der heutigen Bed\u00fcrfnisse grundlegend erneuert worden. Die Arbeiten f\u00fcr die neue Website l\u00f6sten einen Organisationsentwicklungsprozess aus, in den sich Vorstand, Stellenleitung und Mitarbeitende ihren Funktionen gem\u00e4ss aktiv mitgestaltend einbrachten.<\/p>\n<p>Das durch diese \u201eSondereins\u00e4tze\u201c Erreichte darf sich sehen lassen: Die neue Website der FTSK ist seit\u00a0Mai 2015\u00a0mit neuer Adresse im Netz (www.ftsk.ch). Leitbild und Statuten sind aktualisiert. Auch die Aufgabenteilung zwischen Vorstand und Stellenleitung ist auf zeitgem\u00e4ssen Stand gebracht. Organisationsentwicklung bleibt jedoch f\u00fcr die FTSK eine Daueraufgabe. Auch in kommenden Jahren werden Strukturen und Arbeitsabl\u00e4ufe bei Bedarf anzupassen sein, um aus den verf\u00fcgbaren Ressourcen immer wieder das Bestm\u00f6gliche zu machen. Dass wir auf dem richtigen Weg sind, wurde auch von Vertretern des Kantons Schwyz (Auftraggeber f\u00fcr Heilp\u00e4dagogische Fr\u00fcherziehung) im Rahmen eines Besuches best\u00e4tigt, bei dem auch\u00a0der erstmals erstellte Controlling-Bericht Gespr\u00e4chsthema war. Die f\u00fcr die Arbeit der FTSK und die\u00a0Berichterstattung dabei zum Ausdruck gebrachte Wertsch\u00e4tzung war und ist motivierend.<\/p>\n<p>Der Austausch mit den externen Partnern der FTSK wurde auch im Berichtsjahr gepflegt. Dabei referierte Frau Dr. med. M. Ogal zum Thema \u201e<em>AD(H)S \u2013 ist es das wirklich<\/em>?\u201c. Zudem konnten am \u201eTag der Begegnung\u201c bei attraktivem Programm viele Kinder mit ihren Eltern und weitere Interessierte die Therapiestelle besichtigen, die im Jubil\u00e4umsjahr dank der Grossz\u00fcgigkeit des Vermieters aufgefrischt und damit freundlicher geworden ist. Dies ist auch der Platz, um Brigitte Leuenberger, die Ende 2015 in Pension ging, f\u00fcr ihre langj\u00e4hrige, sorgf\u00e4ltige Arbeit als Raumpflegerin und damit auch \u201egute Seele\u201c des Hauses herzlich zu danken.<\/p>\n<p>Im Berichtsjahr durchgef\u00fchrt worden ist auch die Mitgliederversammlung: Christine Riedi und Traudel Spiess sind unter Verdankung ihres langj\u00e4hrigen, grossen Engagements f\u00fcr die FTSK verabschiedet worden. Als neue Mitglieder in den Vorstand gew\u00e4hlt worden sind Hanni Triner (Schwyz) und Andrea Wasmer (K\u00fcssnacht). F\u00fcr eine weitere Amtsperiode best\u00e4tigt worden sind Ren\u00e9 Kost (Pr\u00e4sident), Josef Lenzlinger (Kassier), Mercedes Ogal (Kinder\u00e4rztin), Edith Mettler (Beisitzerin) und Matthias Kessler (Rechtsberater).<\/p>\n<p>So kann die FTSK\u00a0\u201eaufger\u00e4umt\u201c, motiviert und auch organisatorisch gest\u00e4rkt das n\u00e4chste Jahrzehnt in Angriff nehmen \u2013 dabei immer die Bed\u00fcrfnisse der ihr anvertrauten Kinder im Fokus, denn diese\u00a0waren und bleiben bei dem, was Tag f\u00fcr Tag in der FTSK geleistet wird, im Mittelpunkt.<\/p>\n<p>Hier finden Sie den vollst\u00e4ndigen <a href=\"http:\/\/www.ftsk.ch\/wp\/wp-content\/uploads\/2017\/05\/FTSK_Jahresbericht_2015.pdf\">Jahresbericht 2015<\/a>.<\/p>\n<\/div><\/section><\/p><\/div>\n","protected":false},"excerpt":{"rendered":"","protected":false},"author":24783,"featured_media":0,"parent":287,"menu_order":9,"comment_status":"open","ping_status":"closed","template":"","meta":[],"_links":{"self":[{"href":"https:\/\/www.ftsk.ch\/wp\/wp-json\/wp\/v2\/pages\/1380"}],"collection":[{"href":"https:\/\/www.ftsk.ch\/wp\/wp-json\/wp\/v2\/pages"}],"about":[{"href":"https:\/\/www.ftsk.ch\/wp\/wp-json\/wp\/v2\/types\/page"}],"author":[{"embeddable":true,"href":"https:\/\/www.ftsk.ch\/wp\/wp-json\/wp\/v2\/users\/24783"}],"replies":[{"embeddable":true,"href":"https:\/\/www.ftsk.ch\/wp\/wp-json\/wp\/v2\/comments?post=1380"}],"version-history":[{"count":9,"href":"https:\/\/www.ftsk.ch\/wp\/wp-json\/wp\/v2\/pages\/1380\/revisions"}],"predecessor-version":[{"id":1390,"href":"https:\/\/www.ftsk.ch\/wp\/wp-json\/wp\/v2\/pages\/1380\/revisions\/1390"}],"up":[{"embeddable":true,"href":"https:\/\/www.ftsk.ch\/wp\/wp-json\/wp\/v2\/pages\/287"}],"wp:attachment":[{"href":"https:\/\/www.ftsk.ch\/wp\/wp-json\/wp\/v2\/media?parent=1380"}],"curies":[{"name":"wp","href":"https:\/\/api.w.org\/{rel}","templated":true}]}}