{"id":11,"date":"2015-05-17T12:00:04","date_gmt":"2015-05-17T10:00:04","guid":{"rendered":"http:\/\/www.ftsk.ch\/wp\/?page_id=11"},"modified":"2022-09-19T21:32:04","modified_gmt":"2022-09-19T20:32:04","slug":"angebote","status":"publish","type":"page","link":"https:\/\/www.ftsk.ch\/wp\/angebote\/","title":{"rendered":"Angebote"},"content":{"rendered":"<div class='flex_column av-4r4cj-310b8bbd99c57e7d47ad269458a4f725 av_two_third  avia-builder-el-0  el_before_av_one_third  avia-builder-el-first  first flex_column_div '     ><section  class='av_textblock_section av-3q0mf-f34b0def41f728caafa5a1ce76f0db6e'  itemscope=\"itemscope\" itemtype=\"https:\/\/schema.org\/CreativeWork\" ><div class='avia_textblock'  itemprop=\"text\" ><h2>Drei Angebote unter einem Dach<\/h2>\n\n<style type=\"text\/css\" data-created_by=\"avia_inline_auto\" id=\"style-css-av-157vr-bb38e86e70d6d68cbdad659d14174815\">\n#top .hr.hr-invisible.av-157vr-bb38e86e70d6d68cbdad659d14174815{\nheight:20px;\n}\n<\/style>\n<div  class='hr av-157vr-bb38e86e70d6d68cbdad659d14174815 hr-invisible  avia-builder-el-2  avia-builder-el-no-sibling '><span class='hr-inner '><span class=\"hr-inner-style\"><\/span><\/span><\/div>\n<h3>Heilp\u00e4dagogische Fr\u00fcherziehung (Kinder 0-7 Jahre, bis und mit Kindergartenalter)<\/h3>\n<p>In der <strong>Heilp\u00e4dagogischen Fr\u00fcherziehung<\/strong> werden die Kinder abgekl\u00e4rt und gezielt gef\u00f6rdert, wenn ihre Entwicklung auff\u00e4llig oder verz\u00f6gert verl\u00e4uft.<\/p>\n<h3>Ergotherapie (Kinder 0 \u2013 16 Jahre)<\/h3>\n<p>In der <strong>Ergotherapie<\/strong> werden die Kinder darin unterst\u00fctzt, ihr praktisches Handeln und Denken sowie die Wahrnehmung und Bewegungsabl\u00e4ufe zu verbessern.<\/p>\n<h3>Kinderphysiotherapie (Kinder 0 \u2013 16 Jahre)<\/h3>\n<p>Mit <strong>Physiotherapie<\/strong> kann die Bewegungsfreude der Kinder geweckt werden. So k\u00f6nnen verz\u00f6gerte und beeintr\u00e4chtigte Bewegungsabl\u00e4ufe verbessert werden.<\/p>\n<\/div><\/section><br \/>\n\n<style type=\"text\/css\" data-created_by=\"avia_inline_auto\" id=\"style-css-av-l8983y7l-5f7da7406625b82fcf2b66cd5e9ec143\">\n#top .hr.hr-invisible.av-l8983y7l-5f7da7406625b82fcf2b66cd5e9ec143{\nheight:50px;\n}\n<\/style>\n<div  class='hr av-l8983y7l-5f7da7406625b82fcf2b66cd5e9ec143 hr-invisible  avia-builder-el-3  el_after_av_textblock  el_before_av_textblock '><span class='hr-inner '><span class=\"hr-inner-style\"><\/span><\/span><\/div><br \/>\n<section  class='av_textblock_section av-l8983agk-745180599b47d9a2099cf4868ddd5024'  itemscope=\"itemscope\" itemtype=\"https:\/\/schema.org\/CreativeWork\" ><div class='avia_textblock'  itemprop=\"text\" ><h2>Unsere Angebote f\u00fcr Kinder im Kanton Schwyz<\/h2>\n<p>Die\u00a0<strong>Heilp\u00e4dagogische Fr\u00fcherziehung\u00a0<\/strong>steht gem\u00e4ss Leistungsvereinbarung mit dem Kanton Kindern zur Verf\u00fcgung, die im inneren Teil des Kantons Schwyz, in den folgenden Ortschaften wohnen: Arth, Brunnen, Gersau, Goldau, Ibach, Illgau, Ingenbohl, K\u00fcssnacht, Lauerz, Merlischachen, Morschach, Muotathal, Oberarth, Rickenbach, Riemenstalden, Rothenthurm, Sattel, Schwyz, Seewen, Steinen, Steinerberg. Bitte hier die Verlinkungen zu den Gemeinden l\u00f6schen.<\/p>\n<p><strong>Ergotherapie<\/strong>\u00a0und\u00a0<strong>Kinderphysiotherapie<\/strong>\u00a0sind nicht an den Wohnort gebunden. So k\u00f6nnen alle Kinder, bei denen eine diesbez\u00fcgliche Therapie angezeigt ist, an der FTSK behandelt werden.<\/p>\n<h2>Finanzierung<\/h2>\n<p>F\u00fcr den p\u00e4dagogisch-therapeutischen Fachbereich, die <strong>Heilp\u00e4dagogische Fr\u00fcherziehung<\/strong> \u00fcbernimmt der Kanton die Kosten, die medizinisch-therapeutischen Fachbereiche, <strong>Ergo- und Physiotherapie<\/strong>, werden \u00fcber die Krankenkassen und die Invalidenversicherung finanziert.<\/p>\n<\/div><\/section><\/p><\/div>\n<style type=\"text\/css\" data-created_by=\"avia_inline_auto\" id=\"style-css-av-3b6wj-f1073b2c2e2eac8d2cf5f53da3a6da45\">\n.flex_column.av-3b6wj-f1073b2c2e2eac8d2cf5f53da3a6da45{\n-webkit-border-radius:0px 0px 0px 0px;\n-moz-border-radius:0px 0px 0px 0px;\nborder-radius:0px 0px 0px 0px;\npadding:0px 0px 0px 0px;\n}\n<\/style>\n<div class='flex_column av-3b6wj-f1073b2c2e2eac8d2cf5f53da3a6da45 av_one_third  avia-builder-el-5  el_after_av_two_third  avia-builder-el-last  flex_column_div av-zero-column-padding '     ><div  class='avia-icon-list-container av-2gdhn-6052877d450149c23c0f5cf6220ecd02  avia-builder-el-6  avia-builder-el-no-sibling '><ul class='avia-icon-list avia_animate_when_almost_visible avia-icon-list-left av-iconlist-big av-2gdhn-6052877d450149c23c0f5cf6220ecd02 avia-iconlist-animate'>\n<li><div class='iconlist_icon av-1w0gr-05943cde753b5b70a2aba79151304f98 avia-font-entypo-fontello'><span class='iconlist-char' aria-hidden='true' data-av_icon='\ue875' data-av_iconfont='entypo-fontello'><\/span><\/div><article class=\"article-icon-entry \"  itemscope=\"itemscope\" itemtype=\"https:\/\/schema.org\/CreativeWork\" ><div class=\"iconlist_content_wrap\"><header class=\"entry-content-header\"><h4 class='av_iconlist_title iconlist_title  '  itemprop=\"headline\" ><a href='https:\/\/www.ftsk.ch\/wp\/angebote\/heilpaedagogische-frueherziehung\/' title='Fr\u00fcherziehung'>Fr\u00fcherziehung<\/a><\/h4><\/header><div class='iconlist_content '  itemprop=\"text\" ><p>F\u00fcr Kinder bis 7 Jahre<\/p>\n<\/div><\/div><footer class=\"entry-footer\"><\/footer><\/article><div class=\"iconlist-timeline\"><\/div><\/li>\n<li><div class='iconlist_icon av-1r7uv-30d5cf27e306f55c752c8d1b41d01f54 avia-font-entypo-fontello'><span class='iconlist-char' aria-hidden='true' data-av_icon='\ue875' data-av_iconfont='entypo-fontello'><\/span><\/div><article class=\"article-icon-entry \"  itemscope=\"itemscope\" itemtype=\"https:\/\/schema.org\/CreativeWork\" ><div class=\"iconlist_content_wrap\"><header class=\"entry-content-header\"><h4 class='av_iconlist_title iconlist_title  '  itemprop=\"headline\" ><a href='https:\/\/www.ftsk.ch\/wp\/angebote\/ergotherapie\/' title='Ergotherapie'>Ergotherapie<\/a><\/h4><\/header><div class='iconlist_content '  itemprop=\"text\" ><p>F\u00fcr Kinder bis 16 Jahre<\/p>\n<\/div><\/div><footer class=\"entry-footer\"><\/footer><\/article><div class=\"iconlist-timeline\"><\/div><\/li>\n<li><div class='iconlist_icon av-12gt3-3275dfb20a71e48ab7415ed89b63d19f avia-font-entypo-fontello'><span class='iconlist-char' aria-hidden='true' data-av_icon='\ue875' data-av_iconfont='entypo-fontello'><\/span><\/div><article class=\"article-icon-entry \"  itemscope=\"itemscope\" itemtype=\"https:\/\/schema.org\/CreativeWork\" ><div class=\"iconlist_content_wrap\"><header class=\"entry-content-header\"><h4 class='av_iconlist_title iconlist_title  '  itemprop=\"headline\" ><a href='https:\/\/www.ftsk.ch\/wp\/angebote\/kinderphysiotherapie\/' title='Physiotherapie'>Physiotherapie<\/a><\/h4><\/header><div class='iconlist_content '  itemprop=\"text\" ><p>F\u00fcr Kinder\u00a0bis 18 Jahre<\/p>\n<\/div><\/div><footer class=\"entry-footer\"><\/footer><\/article><div class=\"iconlist-timeline\"><\/div><\/li>\n<\/ul><\/div><\/div><\/p>\n","protected":false},"excerpt":{"rendered":"","protected":false},"author":24783,"featured_media":0,"parent":0,"menu_order":27,"comment_status":"closed","ping_status":"closed","template":"","meta":[],"_links":{"self":[{"href":"https:\/\/www.ftsk.ch\/wp\/wp-json\/wp\/v2\/pages\/11"}],"collection":[{"href":"https:\/\/www.ftsk.ch\/wp\/wp-json\/wp\/v2\/pages"}],"about":[{"href":"https:\/\/www.ftsk.ch\/wp\/wp-json\/wp\/v2\/types\/page"}],"author":[{"embeddable":true,"href":"https:\/\/www.ftsk.ch\/wp\/wp-json\/wp\/v2\/users\/24783"}],"replies":[{"embeddable":true,"href":"https:\/\/www.ftsk.ch\/wp\/wp-json\/wp\/v2\/comments?post=11"}],"version-history":[{"count":86,"href":"https:\/\/www.ftsk.ch\/wp\/wp-json\/wp\/v2\/pages\/11\/revisions"}],"predecessor-version":[{"id":2669,"href":"https:\/\/www.ftsk.ch\/wp\/wp-json\/wp\/v2\/pages\/11\/revisions\/2669"}],"wp:attachment":[{"href":"https:\/\/www.ftsk.ch\/wp\/wp-json\/wp\/v2\/media?parent=11"}],"curies":[{"name":"wp","href":"https:\/\/api.w.org\/{rel}","templated":true}]}}